{"id":558,"date":"2016-02-25T15:23:53","date_gmt":"2016-02-25T13:23:53","guid":{"rendered":"http:\/\/dev.landhaus-rheinboellen.de\/?page_id=558"},"modified":"2016-02-25T15:23:53","modified_gmt":"2016-02-25T13:23:53","slug":"ruedesheim","status":"publish","type":"page","link":"https:\/\/landhaus-elbert.com\/en\/leisure-region\/ruedesheim\/","title":{"rendered":"R\u00fcdesheim"},"content":{"rendered":"<h1>Why is the Rhine Valley so beautiful?<\/h1>\n<p>The Southern gate of the UNESCO World Heritage \u201cUpper Middle Rhine Valley\u201d is represented by two towns, Bingen and R\u00fcdesheim. One of the oldest and most interesting towns in the middle Rhine area is R\u00fcdesheim. The Romans started using the region around R\u00fcdesheim to grow wine for its exceptionally mild climate. Visit the charming medieval center, feel the magic atmosphere of the historic old town with its sleepy lanes and its half-timbered houses. The heart of the town is a little street called \u201cDrosselgasse\u201d, where good-humored wine makers invite you to try their delicious wines, accompanied by music and dancing.<\/p>\n<p>Coming to Landhaus Elbert in Rheinboellen you should include certain trips to the nearby region like the above mentioned or see other attractions like the old castle \u201cBurg Rheinfels\u201d which is next to R\u00fcdesheim.<\/p>\n","protected":false},"excerpt":{"rendered":"<p>Why is the Rhine Valley so beautiful? The Southern gate of the UNESCO World Heritage \u201cUpper Middle Rhine Valley\u201d is represented by two towns, Bingen and R\u00fcdesheim. One of the oldest and most interesting towns in the middle Rhine area is R\u00fcdesheim. The Romans started using the region around R\u00fcdesheim to grow wine for its [&hellip;]<\/p>\n","protected":false},"author":1,"featured_media":0,"parent":665,"menu_order":28,"comment_status":"closed","ping_status":"open","template":"page-sub.php","meta":[],"categories":[],"_links":{"self":[{"href":"https:\/\/landhaus-elbert.com\/en\/wp-json\/wp\/v2\/pages\/558\/"}],"collection":[{"href":"https:\/\/landhaus-elbert.com\/en\/wp-json\/wp\/v2\/pages\/"}],"about":[{"href":"https:\/\/landhaus-elbert.com\/en\/wp-json\/wp\/v2\/types\/page\/"}],"author":[{"embeddable":true,"href":"https:\/\/landhaus-elbert.com\/en\/wp-json\/wp\/v2\/users\/1\/"}],"replies":[{"embeddable":true,"href":"https:\/\/landhaus-elbert.com\/en\/wp-json\/wp\/v2\/comments\/?post=558"}],"version-history":[{"count":1,"href":"https:\/\/landhaus-elbert.com\/en\/wp-json\/wp\/v2\/pages\/558\/revisions\/"}],"predecessor-version":[{"id":559,"href":"https:\/\/landhaus-elbert.com\/en\/wp-json\/wp\/v2\/pages\/558\/revisions\/559\/"}],"up":[{"embeddable":true,"href":"https:\/\/landhaus-elbert.com\/en\/wp-json\/wp\/v2\/pages\/665\/"}],"wp:attachment":[{"href":"https:\/\/landhaus-elbert.com\/en\/wp-json\/wp\/v2\/media\/?parent=558"}],"wp:term":[{"taxonomy":"category","embeddable":true,"href":"https:\/\/landhaus-elbert.com\/en\/wp-json\/wp\/v2\/categories\/?post=558"}],"curies":[{"name":"wp","href":"https:\/\/api.w.org\/{rel}","templated":true}]}}